{"id":14,"date":"2020-11-10T18:40:53","date_gmt":"2020-11-10T18:40:53","guid":{"rendered":"http:\/\/serwispradnic.pl\/?page_id=14"},"modified":"2020-11-16T20:34:50","modified_gmt":"2020-11-16T20:34:50","slug":"galeria","status":"publish","type":"page","link":"https:\/\/serwispradnic.pl\/index.php\/galeria\/","title":{"rendered":"Galeria"},"content":{"rendered":"\t\t<div data-elementor-type=\"wp-page\" data-elementor-id=\"14\" class=\"elementor elementor-14\" data-elementor-settings=\"[]\">\n\t\t\t\t\t\t<div class=\"elementor-inner\">\n\t\t\t\t\t\t\t<div class=\"elementor-section-wrap\">\n\t\t\t\t\t\t\t<section class=\"elementor-section elementor-top-section elementor-element elementor-element-707103c6 elementor-section-stretched elementor-section-full_width elementor-section-height-default elementor-section-height-default\" data-id=\"707103c6\" data-element_type=\"section\" data-settings=\"{&quot;stretch_section&quot;:&quot;section-stretched&quot;,&quot;background_background&quot;:&quot;classic&quot;,&quot;background_motion_fx_motion_fx_scrolling&quot;:&quot;yes&quot;,&quot;background_motion_fx_blur_effect&quot;:&quot;yes&quot;,&quot;background_motion_fx_blur_level&quot;:{&quot;unit&quot;:&quot;px&quot;,&quot;size&quot;:9,&quot;sizes&quot;:[]},&quot;background_motion_fx_blur_range&quot;:{&quot;unit&quot;:&quot;%&quot;,&quot;size&quot;:&quot;&quot;,&quot;sizes&quot;:{&quot;start&quot;:0,&quot;end&quot;:100}},&quot;background_motion_fx_blur_direction&quot;:&quot;out-in&quot;,&quot;background_motion_fx_devices&quot;:[&quot;desktop&quot;,&quot;tablet&quot;,&quot;mobile&quot;]}\">\n\t\t\t\t\t\t<div class=\"elementor-container elementor-column-gap-no\">\n\t\t\t\t\t\t\t<div class=\"elementor-row\">\n\t\t\t\t\t<div class=\"elementor-column elementor-col-100 elementor-top-column elementor-element elementor-element-53ca9d29\" data-id=\"53ca9d29\" data-element_type=\"column\">\n\t\t\t<div class=\"elementor-column-wrap elementor-element-populated\">\n\t\t\t\t\t\t\t<div class=\"elementor-widget-wrap\">\n\t\t\t\t\t\t<section class=\"elementor-section elementor-inner-section elementor-element elementor-element-2b86bce7 elementor-section-full_width elementor-section-height-default elementor-section-height-default\" data-id=\"2b86bce7\" data-element_type=\"section\" data-settings=\"{&quot;background_background&quot;:&quot;classic&quot;,&quot;background_motion_fx_motion_fx_scrolling&quot;:&quot;yes&quot;,&quot;background_motion_fx_scale_effect&quot;:&quot;yes&quot;,&quot;background_motion_fx_scale_range&quot;:{&quot;unit&quot;:&quot;%&quot;,&quot;size&quot;:&quot;&quot;,&quot;sizes&quot;:{&quot;start&quot;:0,&quot;end&quot;:100}},&quot;background_motion_fx_scale_direction&quot;:&quot;out-in&quot;,&quot;background_motion_fx_scale_speed&quot;:{&quot;unit&quot;:&quot;px&quot;,&quot;size&quot;:4,&quot;sizes&quot;:[]},&quot;background_motion_fx_devices&quot;:[&quot;desktop&quot;,&quot;tablet&quot;,&quot;mobile&quot;]}\">\n\t\t\t\t\t\t\t<div class=\"elementor-background-overlay\"><\/div>\n\t\t\t\t\t\t\t<div class=\"elementor-container elementor-column-gap-default\">\n\t\t\t\t\t\t\t<div class=\"elementor-row\">\n\t\t\t\t\t<div class=\"elementor-column elementor-col-33 elementor-inner-column elementor-element elementor-element-45763aa1\" data-id=\"45763aa1\" data-element_type=\"column\">\n\t\t\t<div class=\"elementor-column-wrap elementor-element-populated\">\n\t\t\t\t\t\t\t<div class=\"elementor-widget-wrap\">\n\t\t\t\t\t\t<div class=\"elementor-element elementor-element-3650e65 elementor-widget elementor-widget-spacer\" data-id=\"3650e65\" data-element_type=\"widget\" data-widget_type=\"spacer.default\">\n\t\t\t\t<div class=\"elementor-widget-container\">\n\t\t\t\t\t<div class=\"elementor-spacer\">\n\t\t\t<div class=\"elementor-spacer-inner\"><\/div>\n\t\t<\/div>\n\t\t\t\t<\/div>\n\t\t\t\t<\/div>\n\t\t\t\t<div class=\"elementor-element elementor-element-1f3b70e8 animated-fast elementor-invisible elementor-widget elementor-widget-image\" data-id=\"1f3b70e8\" data-element_type=\"widget\" data-settings=\"{&quot;_animation&quot;:&quot;fadeInRight&quot;}\" data-widget_type=\"image.default\">\n\t\t\t\t<div class=\"elementor-widget-container\">\n\t\t\t\t\t<div class=\"elementor-image\">\n\t\t\t\t\t\t\t\t\t\t<img width=\"1024\" height=\"679\" src=\"https:\/\/serwispradnic.pl\/wp-content\/uploads\/2020\/11\/20201110_090926-1024x679.jpg\" class=\"attachment-large size-large\" alt=\"\" loading=\"lazy\" srcset=\"https:\/\/serwispradnic.pl\/wp-content\/uploads\/2020\/11\/20201110_090926-1024x679.jpg 1024w, https:\/\/serwispradnic.pl\/wp-content\/uploads\/2020\/11\/20201110_090926-300x199.jpg 300w, https:\/\/serwispradnic.pl\/wp-content\/uploads\/2020\/11\/20201110_090926-768x509.jpg 768w, https:\/\/serwispradnic.pl\/wp-content\/uploads\/2020\/11\/20201110_090926.jpg 1080w\" sizes=\"(max-width: 1024px) 100vw, 1024px\" \/>\t\t\t\t\t\t\t\t\t\t\t<\/div>\n\t\t\t\t<\/div>\n\t\t\t\t<\/div>\n\t\t\t\t<div class=\"elementor-element elementor-element-79b68887 animated-fast elementor-invisible elementor-widget elementor-widget-image\" data-id=\"79b68887\" data-element_type=\"widget\" data-settings=\"{&quot;_animation&quot;:&quot;fadeInLeft&quot;}\" data-widget_type=\"image.default\">\n\t\t\t\t<div class=\"elementor-widget-container\">\n\t\t\t\t\t<div class=\"elementor-image\">\n\t\t\t\t\t\t\t\t\t\t<img width=\"1024\" height=\"835\" src=\"https:\/\/serwispradnic.pl\/wp-content\/uploads\/2020\/11\/20201108_215947-1024x835.jpg\" class=\"attachment-large size-large\" alt=\"\" loading=\"lazy\" srcset=\"https:\/\/serwispradnic.pl\/wp-content\/uploads\/2020\/11\/20201108_215947-1024x835.jpg 1024w, https:\/\/serwispradnic.pl\/wp-content\/uploads\/2020\/11\/20201108_215947-300x245.jpg 300w, https:\/\/serwispradnic.pl\/wp-content\/uploads\/2020\/11\/20201108_215947-768x626.jpg 768w, https:\/\/serwispradnic.pl\/wp-content\/uploads\/2020\/11\/20201108_215947.jpg 1080w\" sizes=\"(max-width: 1024px) 100vw, 1024px\" \/>\t\t\t\t\t\t\t\t\t\t\t<\/div>\n\t\t\t\t<\/div>\n\t\t\t\t<\/div>\n\t\t\t\t\t\t<\/div>\n\t\t\t\t\t<\/div>\n\t\t<\/div>\n\t\t\t\t<div class=\"elementor-column elementor-col-33 elementor-inner-column elementor-element elementor-element-7f60b1e5\" data-id=\"7f60b1e5\" data-element_type=\"column\">\n\t\t\t<div class=\"elementor-column-wrap elementor-element-populated\">\n\t\t\t\t\t\t\t<div class=\"elementor-widget-wrap\">\n\t\t\t\t\t\t<div class=\"elementor-element elementor-element-3e0b1be elementor-invisible elementor-widget elementor-widget-image\" data-id=\"3e0b1be\" data-element_type=\"widget\" data-settings=\"{&quot;_animation&quot;:&quot;fadeInUp&quot;}\" data-widget_type=\"image.default\">\n\t\t\t\t<div class=\"elementor-widget-container\">\n\t\t\t\t\t<div class=\"elementor-image\">\n\t\t\t\t\t\t\t\t\t\t<img width=\"195\" height=\"300\" src=\"https:\/\/serwispradnic.pl\/wp-content\/uploads\/2020\/11\/20201108_220318-195x300.jpg\" class=\"attachment-medium size-medium\" alt=\"\" loading=\"lazy\" srcset=\"https:\/\/serwispradnic.pl\/wp-content\/uploads\/2020\/11\/20201108_220318-195x300.jpg 195w, https:\/\/serwispradnic.pl\/wp-content\/uploads\/2020\/11\/20201108_220318-665x1024.jpg 665w, https:\/\/serwispradnic.pl\/wp-content\/uploads\/2020\/11\/20201108_220318-768x1182.jpg 768w, https:\/\/serwispradnic.pl\/wp-content\/uploads\/2020\/11\/20201108_220318-998x1536.jpg 998w, https:\/\/serwispradnic.pl\/wp-content\/uploads\/2020\/11\/20201108_220318.jpg 1080w\" sizes=\"(max-width: 195px) 100vw, 195px\" \/>\t\t\t\t\t\t\t\t\t\t\t<\/div>\n\t\t\t\t<\/div>\n\t\t\t\t<\/div>\n\t\t\t\t<div class=\"elementor-element elementor-element-652a8fd0 elementor-widget elementor-widget-heading\" data-id=\"652a8fd0\" data-element_type=\"widget\" data-widget_type=\"heading.default\">\n\t\t\t\t<div class=\"elementor-widget-container\">\n\t\t\t<h2 class=\"elementor-heading-title elementor-size-default\">Galeria<\/h2>\t\t<\/div>\n\t\t\t\t<\/div>\n\t\t\t\t<div class=\"elementor-element elementor-element-59901ed3 elementor-widget elementor-widget-text-editor\" data-id=\"59901ed3\" data-element_type=\"widget\" data-widget_type=\"text-editor.default\">\n\t\t\t\t<div class=\"elementor-widget-container\">\n\t\t\t\t\t<div class=\"elementor-text-editor elementor-clearfix\"><p>Witamy w Galerii ENIGMA. S\u0105 to przyk\u0142adowe prace, kt\u00f3re wykonali\u015bmy dla naszych klient\u00f3w<\/p><\/div>\n\t\t\t\t<\/div>\n\t\t\t\t<\/div>\n\t\t\t\t<div class=\"elementor-element elementor-element-24199aa3 animated-fast elementor-invisible elementor-widget elementor-widget-image\" data-id=\"24199aa3\" data-element_type=\"widget\" data-settings=\"{&quot;_animation&quot;:&quot;fadeInLeft&quot;}\" data-widget_type=\"image.default\">\n\t\t\t\t<div class=\"elementor-widget-container\">\n\t\t\t\t\t<div class=\"elementor-image\">\n\t\t\t\t\t\t\t\t\t\t<img src=\"https:\/\/serwispradnic.pl\/wp-content\/uploads\/elementor\/thumbs\/20201108_220401-oyiktiy6es8uyrbl7ictwwwu3t2itpilbow0qicjnc.jpg\" title=\"20201108_220401\" alt=\"20201108_220401\" \/>\t\t\t\t\t\t\t\t\t\t\t<\/div>\n\t\t\t\t<\/div>\n\t\t\t\t<\/div>\n\t\t\t\t\t\t<\/div>\n\t\t\t\t\t<\/div>\n\t\t<\/div>\n\t\t\t\t<div class=\"elementor-column elementor-col-33 elementor-inner-column elementor-element elementor-element-1773478a\" data-id=\"1773478a\" data-element_type=\"column\">\n\t\t\t<div class=\"elementor-column-wrap elementor-element-populated\">\n\t\t\t\t\t\t\t<div class=\"elementor-widget-wrap\">\n\t\t\t\t\t\t<div class=\"elementor-element elementor-element-6c91799d animated-fast elementor-invisible elementor-widget elementor-widget-image\" data-id=\"6c91799d\" data-element_type=\"widget\" data-settings=\"{&quot;_animation&quot;:&quot;fadeInLeft&quot;}\" data-widget_type=\"image.default\">\n\t\t\t\t<div class=\"elementor-widget-container\">\n\t\t\t\t\t<div class=\"elementor-image\">\n\t\t\t\t\t\t\t\t\t\t<img width=\"773\" height=\"1024\" src=\"https:\/\/serwispradnic.pl\/wp-content\/uploads\/2020\/11\/20201108_220239-773x1024.jpg\" class=\"attachment-large size-large\" alt=\"\" loading=\"lazy\" srcset=\"https:\/\/serwispradnic.pl\/wp-content\/uploads\/2020\/11\/20201108_220239-773x1024.jpg 773w, https:\/\/serwispradnic.pl\/wp-content\/uploads\/2020\/11\/20201108_220239-226x300.jpg 226w, https:\/\/serwispradnic.pl\/wp-content\/uploads\/2020\/11\/20201108_220239-768x1018.jpg 768w, https:\/\/serwispradnic.pl\/wp-content\/uploads\/2020\/11\/20201108_220239.jpg 1063w\" sizes=\"(max-width: 773px) 100vw, 773px\" \/>\t\t\t\t\t\t\t\t\t\t\t<\/div>\n\t\t\t\t<\/div>\n\t\t\t\t<\/div>\n\t\t\t\t<div class=\"elementor-element elementor-element-3ce8e2e4 animated-fast elementor-invisible elementor-widget elementor-widget-image\" data-id=\"3ce8e2e4\" data-element_type=\"widget\" data-settings=\"{&quot;_animation&quot;:&quot;fadeInRight&quot;}\" data-widget_type=\"image.default\">\n\t\t\t\t<div class=\"elementor-widget-container\">\n\t\t\t\t\t<div class=\"elementor-image\">\n\t\t\t\t\t\t\t\t\t\t<img width=\"1024\" height=\"883\" src=\"https:\/\/serwispradnic.pl\/wp-content\/uploads\/2020\/11\/20201108_215434-1024x883.jpg\" class=\"attachment-large size-large\" alt=\"\" loading=\"lazy\" srcset=\"https:\/\/serwispradnic.pl\/wp-content\/uploads\/2020\/11\/20201108_215434-1024x883.jpg 1024w, https:\/\/serwispradnic.pl\/wp-content\/uploads\/2020\/11\/20201108_215434-300x259.jpg 300w, https:\/\/serwispradnic.pl\/wp-content\/uploads\/2020\/11\/20201108_215434-768x662.jpg 768w, https:\/\/serwispradnic.pl\/wp-content\/uploads\/2020\/11\/20201108_215434.jpg 1080w\" sizes=\"(max-width: 1024px) 100vw, 1024px\" \/>\t\t\t\t\t\t\t\t\t\t\t<\/div>\n\t\t\t\t<\/div>\n\t\t\t\t<\/div>\n\t\t\t\t\t\t<\/div>\n\t\t\t\t\t<\/div>\n\t\t<\/div>\n\t\t\t\t\t\t\t\t<\/div>\n\t\t\t\t\t<\/div>\n\t\t<\/section>\n\t\t\t\t\t\t<\/div>\n\t\t\t\t\t<\/div>\n\t\t<\/div>\n\t\t\t\t\t\t\t\t<\/div>\n\t\t\t\t\t<\/div>\n\t\t<\/section>\n\t\t\t\t\t\t<\/div>\n\t\t\t\t\t\t<\/div>\n\t\t\t\t\t<\/div>\n\t\t","protected":false},"excerpt":{"rendered":"<p>Galeria Witamy w Galerii ENIGMA. S\u0105 to przyk\u0142adowe prace, kt\u00f3re wykonali\u015bmy dla naszych klient\u00f3w<\/p>\n","protected":false},"author":1,"featured_media":0,"parent":0,"menu_order":0,"comment_status":"closed","ping_status":"closed","template":"","meta":[],"yoast_head":"<!-- This site is optimized with the Yoast SEO plugin v15.3 - https:\/\/yoast.com\/wordpress\/plugins\/seo\/ -->\n<title>Galeria - Enigma<\/title>\n<meta name=\"robots\" content=\"index, follow, max-snippet:-1, max-image-preview:large, max-video-preview:-1\" \/>\n<link rel=\"canonical\" href=\"https:\/\/serwispradnic.pl\/index.php\/galeria\/\" \/>\n<meta property=\"og:locale\" content=\"pl_PL\" \/>\n<meta property=\"og:type\" content=\"article\" \/>\n<meta property=\"og:title\" content=\"Galeria - Enigma\" \/>\n<meta property=\"og:description\" content=\"Galeria Witamy w Galerii ENIGMA. S\u0105 to przyk\u0142adowe prace, kt\u00f3re wykonali\u015bmy dla naszych klient\u00f3w\" \/>\n<meta property=\"og:url\" content=\"https:\/\/serwispradnic.pl\/index.php\/galeria\/\" \/>\n<meta property=\"og:site_name\" content=\"Enigma\" \/>\n<meta property=\"article:modified_time\" content=\"2020-11-16T20:34:50+00:00\" \/>\n<meta property=\"og:image\" content=\"http:\/\/serwispradnic.pl\/wp-content\/uploads\/2020\/11\/20201110_090926-1024x679.jpg\" \/>\n<meta name=\"twitter:card\" content=\"summary_large_image\" \/>\n<meta name=\"twitter:label1\" content=\"Written by\">\n\t<meta name=\"twitter:data1\" content=\"admin\">\n\t<meta name=\"twitter:label2\" content=\"Est. reading time\">\n\t<meta name=\"twitter:data2\" content=\"0 minut\">\n<script type=\"application\/ld+json\" class=\"yoast-schema-graph\">{\"@context\":\"https:\/\/schema.org\",\"@graph\":[{\"@type\":[\"Person\",\"Organization\"],\"@id\":\"https:\/\/serwispradnic.pl\/#\/schema\/person\/d58c5a3a362448bc47757d55c5a4322c\",\"name\":\"admin\",\"image\":{\"@type\":\"ImageObject\",\"@id\":\"https:\/\/serwispradnic.pl\/#personlogo\",\"inLanguage\":\"pl-PL\",\"url\":\"https:\/\/secure.gravatar.com\/avatar\/7f184337ba477c60733f0d93a0d426f2?s=96&d=mm&r=g\",\"caption\":\"admin\"},\"logo\":{\"@id\":\"https:\/\/serwispradnic.pl\/#personlogo\"},\"sameAs\":[\"http:\/\/serwispradnic.pl\"]},{\"@type\":\"WebSite\",\"@id\":\"https:\/\/serwispradnic.pl\/#website\",\"url\":\"https:\/\/serwispradnic.pl\/\",\"name\":\"Enigma\",\"description\":\"Professional Engine\",\"publisher\":{\"@id\":\"https:\/\/serwispradnic.pl\/#\/schema\/person\/d58c5a3a362448bc47757d55c5a4322c\"},\"potentialAction\":[{\"@type\":\"SearchAction\",\"target\":\"https:\/\/serwispradnic.pl\/?s={search_term_string}\",\"query-input\":\"required name=search_term_string\"}],\"inLanguage\":\"pl-PL\"},{\"@type\":\"ImageObject\",\"@id\":\"https:\/\/serwispradnic.pl\/index.php\/galeria\/#primaryimage\",\"inLanguage\":\"pl-PL\",\"url\":\"http:\/\/serwispradnic.pl\/wp-content\/uploads\/2020\/11\/20201110_090926-1024x679.jpg\"},{\"@type\":\"WebPage\",\"@id\":\"https:\/\/serwispradnic.pl\/index.php\/galeria\/#webpage\",\"url\":\"https:\/\/serwispradnic.pl\/index.php\/galeria\/\",\"name\":\"Galeria - Enigma\",\"isPartOf\":{\"@id\":\"https:\/\/serwispradnic.pl\/#website\"},\"primaryImageOfPage\":{\"@id\":\"https:\/\/serwispradnic.pl\/index.php\/galeria\/#primaryimage\"},\"datePublished\":\"2020-11-10T18:40:53+00:00\",\"dateModified\":\"2020-11-16T20:34:50+00:00\",\"inLanguage\":\"pl-PL\",\"potentialAction\":[{\"@type\":\"ReadAction\",\"target\":[\"https:\/\/serwispradnic.pl\/index.php\/galeria\/\"]}]}]}<\/script>\n<!-- \/ Yoast SEO plugin. -->","_links":{"self":[{"href":"https:\/\/serwispradnic.pl\/index.php\/wp-json\/wp\/v2\/pages\/14"}],"collection":[{"href":"https:\/\/serwispradnic.pl\/index.php\/wp-json\/wp\/v2\/pages"}],"about":[{"href":"https:\/\/serwispradnic.pl\/index.php\/wp-json\/wp\/v2\/types\/page"}],"author":[{"embeddable":true,"href":"https:\/\/serwispradnic.pl\/index.php\/wp-json\/wp\/v2\/users\/1"}],"replies":[{"embeddable":true,"href":"https:\/\/serwispradnic.pl\/index.php\/wp-json\/wp\/v2\/comments?post=14"}],"version-history":[{"count":44,"href":"https:\/\/serwispradnic.pl\/index.php\/wp-json\/wp\/v2\/pages\/14\/revisions"}],"predecessor-version":[{"id":714,"href":"https:\/\/serwispradnic.pl\/index.php\/wp-json\/wp\/v2\/pages\/14\/revisions\/714"}],"wp:attachment":[{"href":"https:\/\/serwispradnic.pl\/index.php\/wp-json\/wp\/v2\/media?parent=14"}],"curies":[{"name":"wp","href":"https:\/\/api.w.org\/{rel}","templated":true}]}}