{"id":16,"date":"2020-11-10T18:41:22","date_gmt":"2020-11-10T18:41:22","guid":{"rendered":"http:\/\/serwispradnic.pl\/?page_id=16"},"modified":"2020-11-16T21:50:08","modified_gmt":"2020-11-16T21:50:08","slug":"referencje","status":"publish","type":"page","link":"https:\/\/serwispradnic.pl\/index.php\/referencje\/","title":{"rendered":"Referencje"},"content":{"rendered":"\t\t<div data-elementor-type=\"wp-page\" data-elementor-id=\"16\" class=\"elementor elementor-16\" data-elementor-settings=\"[]\">\n\t\t\t\t\t\t<div class=\"elementor-inner\">\n\t\t\t\t\t\t\t<div class=\"elementor-section-wrap\">\n\t\t\t\t\t\t\t<section class=\"elementor-section elementor-top-section elementor-element elementor-element-87e21fa elementor-section-boxed elementor-section-height-default elementor-section-height-default\" data-id=\"87e21fa\" data-element_type=\"section\" data-settings=\"{&quot;background_background&quot;:&quot;classic&quot;}\">\n\t\t\t\t\t\t<div class=\"elementor-container elementor-column-gap-default\">\n\t\t\t\t\t\t\t<div class=\"elementor-row\">\n\t\t\t\t\t<div class=\"elementor-column elementor-col-100 elementor-top-column elementor-element elementor-element-c991b9e\" data-id=\"c991b9e\" data-element_type=\"column\">\n\t\t\t<div class=\"elementor-column-wrap elementor-element-populated\">\n\t\t\t\t\t\t\t<div class=\"elementor-widget-wrap\">\n\t\t\t\t\t\t<div class=\"elementor-element elementor-element-e220f8c elementor-widget elementor-widget-spacer\" data-id=\"e220f8c\" data-element_type=\"widget\" data-widget_type=\"spacer.default\">\n\t\t\t\t<div class=\"elementor-widget-container\">\n\t\t\t\t\t<div class=\"elementor-spacer\">\n\t\t\t<div class=\"elementor-spacer-inner\"><\/div>\n\t\t<\/div>\n\t\t\t\t<\/div>\n\t\t\t\t<\/div>\n\t\t\t\t<div class=\"elementor-element elementor-element-9536424 elementor-widget elementor-widget-heading\" data-id=\"9536424\" data-element_type=\"widget\" data-widget_type=\"heading.default\">\n\t\t\t\t<div class=\"elementor-widget-container\">\n\t\t\t<h2 class=\"elementor-heading-title elementor-size-default\">REFERENCJE<\/h2>\t\t<\/div>\n\t\t\t\t<\/div>\n\t\t\t\t\t\t<\/div>\n\t\t\t\t\t<\/div>\n\t\t<\/div>\n\t\t\t\t\t\t\t\t<\/div>\n\t\t\t\t\t<\/div>\n\t\t<\/section>\n\t\t\t\t<section class=\"elementor-section elementor-top-section elementor-element elementor-element-ef9ad39 elementor-section-boxed elementor-section-height-default elementor-section-height-default\" data-id=\"ef9ad39\" data-element_type=\"section\" data-settings=\"{&quot;background_background&quot;:&quot;classic&quot;}\">\n\t\t\t\t\t\t<div class=\"elementor-container elementor-column-gap-default\">\n\t\t\t\t\t\t\t<div class=\"elementor-row\">\n\t\t\t\t\t<div class=\"elementor-column elementor-col-100 elementor-top-column elementor-element elementor-element-b78a107\" data-id=\"b78a107\" data-element_type=\"column\">\n\t\t\t<div class=\"elementor-column-wrap elementor-element-populated\">\n\t\t\t\t\t\t\t<div class=\"elementor-widget-wrap\">\n\t\t\t\t\t\t<div class=\"elementor-element elementor-element-e5188aa elementor-widget elementor-widget-text-editor\" data-id=\"e5188aa\" data-element_type=\"widget\" data-widget_type=\"text-editor.default\">\n\t\t\t\t<div class=\"elementor-widget-container\">\n\t\t\t\t\t<div class=\"elementor-text-editor elementor-clearfix\"><p>Zapraszamy do zapoznania si\u0119 z opiniami naszych klient\u00f3w. Zach\u0119camy r\u00f3wnie\u017c do dodania swojej opinii\u00a0<\/p><\/div>\n\t\t\t\t<\/div>\n\t\t\t\t<\/div>\n\t\t\t\t\t\t<\/div>\n\t\t\t\t\t<\/div>\n\t\t<\/div>\n\t\t\t\t\t\t\t\t<\/div>\n\t\t\t\t\t<\/div>\n\t\t<\/section>\n\t\t\t\t\t\t<\/div>\n\t\t\t\t\t\t<\/div>\n\t\t\t\t\t<\/div>\n\t\t","protected":false},"excerpt":{"rendered":"<p>REFERENCJE Zapraszamy do zapoznania si\u0119 z opiniami naszych klient\u00f3w. Zach\u0119camy r\u00f3wnie\u017c do dodania swojej opinii\u00a0<\/p>\n","protected":false},"author":1,"featured_media":0,"parent":0,"menu_order":0,"comment_status":"open","ping_status":"closed","template":"","meta":[],"yoast_head":"<!-- This site is optimized with the Yoast SEO plugin v15.3 - https:\/\/yoast.com\/wordpress\/plugins\/seo\/ -->\n<title>Referencje - Enigma<\/title>\n<meta name=\"robots\" content=\"index, follow, max-snippet:-1, max-image-preview:large, max-video-preview:-1\" \/>\n<link rel=\"canonical\" href=\"https:\/\/serwispradnic.pl\/index.php\/referencje\/\" \/>\n<meta property=\"og:locale\" content=\"pl_PL\" \/>\n<meta property=\"og:type\" content=\"article\" \/>\n<meta property=\"og:title\" content=\"Referencje - Enigma\" \/>\n<meta property=\"og:description\" content=\"REFERENCJE Zapraszamy do zapoznania si\u0119 z opiniami naszych klient\u00f3w. Zach\u0119camy r\u00f3wnie\u017c do dodania swojej opinii\u00a0\" \/>\n<meta property=\"og:url\" content=\"https:\/\/serwispradnic.pl\/index.php\/referencje\/\" \/>\n<meta property=\"og:site_name\" content=\"Enigma\" \/>\n<meta property=\"article:modified_time\" content=\"2020-11-16T21:50:08+00:00\" \/>\n<meta name=\"twitter:card\" content=\"summary_large_image\" \/>\n<meta name=\"twitter:label1\" content=\"Written by\">\n\t<meta name=\"twitter:data1\" content=\"admin\">\n\t<meta name=\"twitter:label2\" content=\"Est. reading time\">\n\t<meta name=\"twitter:data2\" content=\"0 minut\">\n<script type=\"application\/ld+json\" class=\"yoast-schema-graph\">{\"@context\":\"https:\/\/schema.org\",\"@graph\":[{\"@type\":[\"Person\",\"Organization\"],\"@id\":\"https:\/\/serwispradnic.pl\/#\/schema\/person\/d58c5a3a362448bc47757d55c5a4322c\",\"name\":\"admin\",\"image\":{\"@type\":\"ImageObject\",\"@id\":\"https:\/\/serwispradnic.pl\/#personlogo\",\"inLanguage\":\"pl-PL\",\"url\":\"https:\/\/secure.gravatar.com\/avatar\/7f184337ba477c60733f0d93a0d426f2?s=96&d=mm&r=g\",\"caption\":\"admin\"},\"logo\":{\"@id\":\"https:\/\/serwispradnic.pl\/#personlogo\"},\"sameAs\":[\"http:\/\/serwispradnic.pl\"]},{\"@type\":\"WebSite\",\"@id\":\"https:\/\/serwispradnic.pl\/#website\",\"url\":\"https:\/\/serwispradnic.pl\/\",\"name\":\"Enigma\",\"description\":\"Professional Engine\",\"publisher\":{\"@id\":\"https:\/\/serwispradnic.pl\/#\/schema\/person\/d58c5a3a362448bc47757d55c5a4322c\"},\"potentialAction\":[{\"@type\":\"SearchAction\",\"target\":\"https:\/\/serwispradnic.pl\/?s={search_term_string}\",\"query-input\":\"required name=search_term_string\"}],\"inLanguage\":\"pl-PL\"},{\"@type\":\"WebPage\",\"@id\":\"https:\/\/serwispradnic.pl\/index.php\/referencje\/#webpage\",\"url\":\"https:\/\/serwispradnic.pl\/index.php\/referencje\/\",\"name\":\"Referencje - Enigma\",\"isPartOf\":{\"@id\":\"https:\/\/serwispradnic.pl\/#website\"},\"datePublished\":\"2020-11-10T18:41:22+00:00\",\"dateModified\":\"2020-11-16T21:50:08+00:00\",\"inLanguage\":\"pl-PL\",\"potentialAction\":[{\"@type\":\"ReadAction\",\"target\":[\"https:\/\/serwispradnic.pl\/index.php\/referencje\/\"]}]}]}<\/script>\n<!-- \/ Yoast SEO plugin. -->","_links":{"self":[{"href":"https:\/\/serwispradnic.pl\/index.php\/wp-json\/wp\/v2\/pages\/16"}],"collection":[{"href":"https:\/\/serwispradnic.pl\/index.php\/wp-json\/wp\/v2\/pages"}],"about":[{"href":"https:\/\/serwispradnic.pl\/index.php\/wp-json\/wp\/v2\/types\/page"}],"author":[{"embeddable":true,"href":"https:\/\/serwispradnic.pl\/index.php\/wp-json\/wp\/v2\/users\/1"}],"replies":[{"embeddable":true,"href":"https:\/\/serwispradnic.pl\/index.php\/wp-json\/wp\/v2\/comments?post=16"}],"version-history":[{"count":31,"href":"https:\/\/serwispradnic.pl\/index.php\/wp-json\/wp\/v2\/pages\/16\/revisions"}],"predecessor-version":[{"id":660,"href":"https:\/\/serwispradnic.pl\/index.php\/wp-json\/wp\/v2\/pages\/16\/revisions\/660"}],"wp:attachment":[{"href":"https:\/\/serwispradnic.pl\/index.php\/wp-json\/wp\/v2\/media?parent=16"}],"curies":[{"name":"wp","href":"https:\/\/api.w.org\/{rel}","templated":true}]}}