{"id":18,"date":"2020-11-10T18:42:58","date_gmt":"2020-11-10T18:42:58","guid":{"rendered":"http:\/\/serwispradnic.pl\/?page_id=18"},"modified":"2022-12-28T18:20:25","modified_gmt":"2022-12-28T18:20:25","slug":"oferta","status":"publish","type":"page","link":"https:\/\/serwispradnic.pl\/index.php\/oferta\/","title":{"rendered":"Oferta"},"content":{"rendered":"\t\t<div data-elementor-type=\"wp-page\" data-elementor-id=\"18\" class=\"elementor elementor-18\" data-elementor-settings=\"[]\">\n\t\t\t\t\t\t<div class=\"elementor-inner\">\n\t\t\t\t\t\t\t<div class=\"elementor-section-wrap\">\n\t\t\t\t\t\t\t<section class=\"elementor-section elementor-top-section elementor-element elementor-element-21a80e27 elementor-section-full_width elementor-section-height-default elementor-section-height-default\" data-id=\"21a80e27\" data-element_type=\"section\" data-settings=\"{&quot;background_background&quot;:&quot;classic&quot;}\">\n\t\t\t\t\t\t<div class=\"elementor-container elementor-column-gap-default\">\n\t\t\t\t\t\t\t<div class=\"elementor-row\">\n\t\t\t\t\t<div class=\"elementor-column elementor-col-33 elementor-top-column elementor-element elementor-element-52056ad2\" data-id=\"52056ad2\" data-element_type=\"column\" data-settings=\"{&quot;background_background&quot;:&quot;classic&quot;}\">\n\t\t\t<div class=\"elementor-column-wrap elementor-element-populated\">\n\t\t\t\t\t<div class=\"elementor-background-overlay\"><\/div>\n\t\t\t\t\t\t\t<div class=\"elementor-widget-wrap\">\n\t\t\t\t\t\t<div class=\"elementor-element elementor-element-ab32982 elementor-widget elementor-widget-spacer\" data-id=\"ab32982\" data-element_type=\"widget\" data-widget_type=\"spacer.default\">\n\t\t\t\t<div class=\"elementor-widget-container\">\n\t\t\t\t\t<div class=\"elementor-spacer\">\n\t\t\t<div class=\"elementor-spacer-inner\"><\/div>\n\t\t<\/div>\n\t\t\t\t<\/div>\n\t\t\t\t<\/div>\n\t\t\t\t<div class=\"elementor-element elementor-element-5aacb5fd elementor-widget elementor-widget-heading\" data-id=\"5aacb5fd\" data-element_type=\"widget\" data-widget_type=\"heading.default\">\n\t\t\t\t<div class=\"elementor-widget-container\">\n\t\t\t<h2 class=\"elementor-heading-title elementor-size-default\">Oferta<\/h2>\t\t<\/div>\n\t\t\t\t<\/div>\n\t\t\t\t<div class=\"elementor-element elementor-element-8d9561d elementor-widget elementor-widget-spacer\" data-id=\"8d9561d\" data-element_type=\"widget\" data-widget_type=\"spacer.default\">\n\t\t\t\t<div class=\"elementor-widget-container\">\n\t\t\t\t\t<div class=\"elementor-spacer\">\n\t\t\t<div class=\"elementor-spacer-inner\"><\/div>\n\t\t<\/div>\n\t\t\t\t<\/div>\n\t\t\t\t<\/div>\n\t\t\t\t<div class=\"elementor-element elementor-element-c306935 elementor-widget elementor-widget-text-editor\" data-id=\"c306935\" data-element_type=\"widget\" data-widget_type=\"text-editor.default\">\n\t\t\t\t<div class=\"elementor-widget-container\">\n\t\t\t\t\t<div class=\"elementor-text-editor elementor-clearfix\"><p>Zapraszamy do zapoznania si\u0119 z ofert\u0105 firmy ENIGMA. Wszystkie prace wykonujemy z dba\u0142o\u015bci\u0105 o najwy\u017csz\u0105 jako\u015b\u0107 podzespo\u0142\u00f3w.<\/p><p>Zajmujemy si\u0119 przezwajaniem, przewijaniem, przegl\u0105dem i konserwacj\u0105 silnik\u00f3w elektrycznych pr\u0105du sta\u0142ego i przemiennego. <span style=\"color: #ff0000;\"><a style=\"color: #ff0000;\" href=\"http:\/\/enigma-bydgoszcz.pl\/\">&#8211;&gt; czytaj wi\u0119cej &lt;&#8211;<\/a><\/span><\/p><p>Na pytanie czy stojan jest chi\u0144ski ?<\/p><p>NIE !<\/p><p>Stojan jest przezwojony ! Nie jest to zamiennik og\u00f3lnie dost\u0119pny, wykonany bardzo solidnie i godny polecenia ! W bardzo dobrej cenie i jako\u015bci<\/p><\/div>\n\t\t\t\t<\/div>\n\t\t\t\t<\/div>\n\t\t\t\t\t\t<\/div>\n\t\t\t\t\t<\/div>\n\t\t<\/div>\n\t\t\t\t<div class=\"elementor-column elementor-col-33 elementor-top-column elementor-element elementor-element-c81d004 elementor-hidden-phone\" data-id=\"c81d004\" data-element_type=\"column\" data-settings=\"{&quot;background_background&quot;:&quot;classic&quot;}\">\n\t\t\t<div class=\"elementor-column-wrap elementor-element-populated\">\n\t\t\t\t\t<div class=\"elementor-background-overlay\"><\/div>\n\t\t\t\t\t\t\t<div class=\"elementor-widget-wrap\">\n\t\t\t\t\t\t<div class=\"elementor-element elementor-element-429a43d elementor-widget elementor-widget-spacer\" data-id=\"429a43d\" data-element_type=\"widget\" data-widget_type=\"spacer.default\">\n\t\t\t\t<div class=\"elementor-widget-container\">\n\t\t\t\t\t<div class=\"elementor-spacer\">\n\t\t\t<div class=\"elementor-spacer-inner\"><\/div>\n\t\t<\/div>\n\t\t\t\t<\/div>\n\t\t\t\t<\/div>\n\t\t\t\t\t\t<\/div>\n\t\t\t\t\t<\/div>\n\t\t<\/div>\n\t\t\t\t<div class=\"elementor-column elementor-col-33 elementor-top-column elementor-element elementor-element-66f72daa\" data-id=\"66f72daa\" data-element_type=\"column\" data-settings=\"{&quot;background_background&quot;:&quot;classic&quot;}\">\n\t\t\t<div class=\"elementor-column-wrap elementor-element-populated\">\n\t\t\t\t\t<div class=\"elementor-background-overlay\"><\/div>\n\t\t\t\t\t\t\t<div class=\"elementor-widget-wrap\">\n\t\t\t\t\t\t<div class=\"elementor-element elementor-element-288f366c elementor--h-position-left elementor--v-position-top elementor-pagination-position-inside elementor-widget elementor-widget-slides\" data-id=\"288f366c\" data-element_type=\"widget\" data-settings=\"{&quot;navigation&quot;:&quot;dots&quot;,&quot;autoplay&quot;:&quot;yes&quot;,&quot;pause_on_hover&quot;:&quot;yes&quot;,&quot;pause_on_interaction&quot;:&quot;yes&quot;,&quot;autoplay_speed&quot;:5000,&quot;infinite&quot;:&quot;yes&quot;,&quot;transition&quot;:&quot;slide&quot;,&quot;transition_speed&quot;:500}\" data-widget_type=\"slides.default\">\n\t\t\t\t<div class=\"elementor-widget-container\">\n\t\t\t\t\t<div class=\"elementor-swiper\">\n\t\t\t<div class=\"elementor-slides-wrapper elementor-main-swiper swiper-container\" dir=\"ltr\" data-animation=\"fadeInUp\">\n\t\t\t\t<div class=\"swiper-wrapper elementor-slides\">\n\t\t\t\t\t<div class=\"elementor-repeater-item-8782bfc swiper-slide\"><div class=\"swiper-slide-bg elementor-ken-burns elementor-ken-burns--out\"><\/div><div class=\"elementor-background-overlay\"><\/div><a class=\"swiper-slide-inner\" href=\"#\"><div class=\"swiper-slide-contents\"><div class=\"elementor-slide-heading\">Przezwajanie Pr\u0105dnic<\/div><\/div><\/a><\/div><div class=\"elementor-repeater-item-eb247a8 swiper-slide\"><div class=\"swiper-slide-bg elementor-ken-burns elementor-ken-burns--out\"><\/div><div class=\"elementor-background-overlay\"><\/div><a class=\"swiper-slide-inner\" href=\"#\"><div class=\"swiper-slide-contents\"><div class=\"elementor-slide-heading\">Agregaty pr\u0105dotw\u00f3rcze<\/div><\/div><\/a><\/div><div class=\"elementor-repeater-item-50ef009 swiper-slide\"><div class=\"swiper-slide-bg elementor-ken-burns elementor-ken-burns--out\"><\/div><div class=\"elementor-background-overlay\"><\/div><a class=\"swiper-slide-inner\" href=\"#\"><div class=\"swiper-slide-contents\"><div class=\"elementor-slide-heading\">Wirniki<\/div><\/div><\/a><\/div>\t\t\t\t<\/div>\n\t\t\t\t\t\t\t\t\t\t\t\t\t\t\t<div class=\"swiper-pagination\"><\/div>\n\t\t\t\t\t\t\t\t\t\t\t\t\t\t\t\t\t<\/div>\n\t\t<\/div>\n\t\t\t\t<\/div>\n\t\t\t\t<\/div>\n\t\t\t\t\t\t<\/div>\n\t\t\t\t\t<\/div>\n\t\t<\/div>\n\t\t\t\t\t\t\t\t<\/div>\n\t\t\t\t\t<\/div>\n\t\t<\/section>\n\t\t\t\t\t\t<\/div>\n\t\t\t\t\t\t<\/div>\n\t\t\t\t\t<\/div>\n\t\t","protected":false},"excerpt":{"rendered":"<p>Oferta Zapraszamy do zapoznania si\u0119 z ofert\u0105 firmy ENIGMA. Wszystkie prace wykonujemy z dba\u0142o\u015bci\u0105 o najwy\u017csz\u0105 jako\u015b\u0107 podzespo\u0142\u00f3w. Zajmujemy si\u0119 przezwajaniem, przewijaniem, przegl\u0105dem i konserwacj\u0105 silnik\u00f3w elektrycznych pr\u0105du sta\u0142ego i przemiennego. &#8211;&gt; czytaj wi\u0119cej &lt;&#8211; Na pytanie czy stojan jest chi\u0144ski ? NIE ! Stojan jest przezwojony ! Nie jest to zamiennik og\u00f3lnie dost\u0119pny, wykonany [&hellip;]<\/p>\n","protected":false},"author":1,"featured_media":0,"parent":0,"menu_order":0,"comment_status":"closed","ping_status":"closed","template":"","meta":[],"yoast_head":"<!-- This site is optimized with the Yoast SEO plugin v15.3 - https:\/\/yoast.com\/wordpress\/plugins\/seo\/ -->\n<title>Oferta - Enigma<\/title>\n<meta name=\"robots\" content=\"index, follow, max-snippet:-1, max-image-preview:large, max-video-preview:-1\" \/>\n<link rel=\"canonical\" href=\"https:\/\/serwispradnic.pl\/index.php\/oferta\/\" \/>\n<meta property=\"og:locale\" content=\"pl_PL\" \/>\n<meta property=\"og:type\" content=\"article\" \/>\n<meta property=\"og:title\" content=\"Oferta - Enigma\" \/>\n<meta property=\"og:description\" content=\"Oferta Zapraszamy do zapoznania si\u0119 z ofert\u0105 firmy ENIGMA. Wszystkie prace wykonujemy z dba\u0142o\u015bci\u0105 o najwy\u017csz\u0105 jako\u015b\u0107 podzespo\u0142\u00f3w. Zajmujemy si\u0119 przezwajaniem, przewijaniem, przegl\u0105dem i konserwacj\u0105 silnik\u00f3w elektrycznych pr\u0105du sta\u0142ego i przemiennego. &#8211;&gt; czytaj wi\u0119cej &lt;&#8211; Na pytanie czy stojan jest chi\u0144ski ? NIE ! Stojan jest przezwojony ! Nie jest to zamiennik og\u00f3lnie dost\u0119pny, wykonany [&hellip;]\" \/>\n<meta property=\"og:url\" content=\"https:\/\/serwispradnic.pl\/index.php\/oferta\/\" \/>\n<meta property=\"og:site_name\" content=\"Enigma\" \/>\n<meta property=\"article:modified_time\" content=\"2022-12-28T18:20:25+00:00\" \/>\n<meta name=\"twitter:card\" content=\"summary_large_image\" \/>\n<meta name=\"twitter:label1\" content=\"Written by\">\n\t<meta name=\"twitter:data1\" content=\"admin\">\n\t<meta name=\"twitter:label2\" content=\"Est. reading time\">\n\t<meta name=\"twitter:data2\" content=\"0 minut\">\n<script type=\"application\/ld+json\" class=\"yoast-schema-graph\">{\"@context\":\"https:\/\/schema.org\",\"@graph\":[{\"@type\":[\"Person\",\"Organization\"],\"@id\":\"https:\/\/serwispradnic.pl\/#\/schema\/person\/d58c5a3a362448bc47757d55c5a4322c\",\"name\":\"admin\",\"image\":{\"@type\":\"ImageObject\",\"@id\":\"https:\/\/serwispradnic.pl\/#personlogo\",\"inLanguage\":\"pl-PL\",\"url\":\"https:\/\/secure.gravatar.com\/avatar\/7f184337ba477c60733f0d93a0d426f2?s=96&d=mm&r=g\",\"caption\":\"admin\"},\"logo\":{\"@id\":\"https:\/\/serwispradnic.pl\/#personlogo\"},\"sameAs\":[\"http:\/\/serwispradnic.pl\"]},{\"@type\":\"WebSite\",\"@id\":\"https:\/\/serwispradnic.pl\/#website\",\"url\":\"https:\/\/serwispradnic.pl\/\",\"name\":\"Enigma\",\"description\":\"Professional Engine\",\"publisher\":{\"@id\":\"https:\/\/serwispradnic.pl\/#\/schema\/person\/d58c5a3a362448bc47757d55c5a4322c\"},\"potentialAction\":[{\"@type\":\"SearchAction\",\"target\":\"https:\/\/serwispradnic.pl\/?s={search_term_string}\",\"query-input\":\"required name=search_term_string\"}],\"inLanguage\":\"pl-PL\"},{\"@type\":\"WebPage\",\"@id\":\"https:\/\/serwispradnic.pl\/index.php\/oferta\/#webpage\",\"url\":\"https:\/\/serwispradnic.pl\/index.php\/oferta\/\",\"name\":\"Oferta - Enigma\",\"isPartOf\":{\"@id\":\"https:\/\/serwispradnic.pl\/#website\"},\"datePublished\":\"2020-11-10T18:42:58+00:00\",\"dateModified\":\"2022-12-28T18:20:25+00:00\",\"inLanguage\":\"pl-PL\",\"potentialAction\":[{\"@type\":\"ReadAction\",\"target\":[\"https:\/\/serwispradnic.pl\/index.php\/oferta\/\"]}]}]}<\/script>\n<!-- \/ Yoast SEO plugin. -->","_links":{"self":[{"href":"https:\/\/serwispradnic.pl\/index.php\/wp-json\/wp\/v2\/pages\/18"}],"collection":[{"href":"https:\/\/serwispradnic.pl\/index.php\/wp-json\/wp\/v2\/pages"}],"about":[{"href":"https:\/\/serwispradnic.pl\/index.php\/wp-json\/wp\/v2\/types\/page"}],"author":[{"embeddable":true,"href":"https:\/\/serwispradnic.pl\/index.php\/wp-json\/wp\/v2\/users\/1"}],"replies":[{"embeddable":true,"href":"https:\/\/serwispradnic.pl\/index.php\/wp-json\/wp\/v2\/comments?post=18"}],"version-history":[{"count":61,"href":"https:\/\/serwispradnic.pl\/index.php\/wp-json\/wp\/v2\/pages\/18\/revisions"}],"predecessor-version":[{"id":697,"href":"https:\/\/serwispradnic.pl\/index.php\/wp-json\/wp\/v2\/pages\/18\/revisions\/697"}],"wp:attachment":[{"href":"https:\/\/serwispradnic.pl\/index.php\/wp-json\/wp\/v2\/media?parent=18"}],"curies":[{"name":"wp","href":"https:\/\/api.w.org\/{rel}","templated":true}]}}